{"id":463,"date":"2021-11-23T13:53:39","date_gmt":"2021-11-23T13:53:39","guid":{"rendered":"https:\/\/competence.ch\/?page_id=463"},"modified":"2023-12-04T10:42:17","modified_gmt":"2023-12-04T09:42:17","slug":"print-magazin-abonnieren","status":"publish","type":"page","link":"https:\/\/competence.ch\/fr\/print-magazin-abonnieren\/","title":{"rendered":"S&rsquo;abonner \u00e0 la revue"},"content":{"rendered":"\n<h1 class=\"wp-block-heading\" id=\"competence-abonnemente\">Abonnements \u00e0 Competence<\/h1>\n\n<p>L&rsquo;\u00e9dition papier offre une exp\u00e9rience de lecture incomparable et sur la dur\u00e9e.<\/p>\n\n<p class=\"leadtext\">Je m&rsquo;int\u00e9resse au magazine Competence H+ Hospital Forum et souhaite la prestation suivante:<\/p>\n","protected":false},"excerpt":{"rendered":"<p>Abonnements \u00e0 Competence L&rsquo;\u00e9dition papier offre une exp\u00e9rience de lecture incomparable et sur la dur\u00e9e. Je m&rsquo;int\u00e9resse au magazine Competence H+ Hospital Forum et souhaite la prestation suivante:<\/p>\n","protected":false},"author":1,"featured_media":0,"parent":0,"menu_order":0,"comment_status":"closed","ping_status":"closed","template":"page-templates\/abo.php","meta":{"_acf_changed":false,"footnotes":""},"class_list":["post-463","page","type-page","status-publish","hentry"],"acf":[],"_links":{"self":[{"href":"https:\/\/competence.ch\/fr\/wp-json\/wp\/v2\/pages\/463","targetHints":{"allow":["GET"]}}],"collection":[{"href":"https:\/\/competence.ch\/fr\/wp-json\/wp\/v2\/pages"}],"about":[{"href":"https:\/\/competence.ch\/fr\/wp-json\/wp\/v2\/types\/page"}],"author":[{"embeddable":true,"href":"https:\/\/competence.ch\/fr\/wp-json\/wp\/v2\/users\/1"}],"replies":[{"embeddable":true,"href":"https:\/\/competence.ch\/fr\/wp-json\/wp\/v2\/comments?post=463"}],"version-history":[{"count":0,"href":"https:\/\/competence.ch\/fr\/wp-json\/wp\/v2\/pages\/463\/revisions"}],"wp:attachment":[{"href":"https:\/\/competence.ch\/fr\/wp-json\/wp\/v2\/media?parent=463"}],"curies":[{"name":"wp","href":"https:\/\/api.w.org\/{rel}","templated":true}]}}