{"id":461,"date":"2021-11-23T13:52:40","date_gmt":"2021-11-23T13:52:40","guid":{"rendered":"https:\/\/competence.ch\/?page_id=461"},"modified":"2026-01-13T15:16:04","modified_gmt":"2026-01-13T14:16:04","slug":"mediadaten","status":"publish","type":"page","link":"https:\/\/competence.ch\/fr\/ueber-uns\/mediadaten\/","title":{"rendered":"Donn\u00e9es m\u00e9dias"},"content":{"rendered":"\n<h1 class=\"wp-block-heading\" id=\"mediadaten\">Donn\u00e9es m\u00e9dias<\/h1>\n\n\n\n<p>Competence est une revue professionnelle sp\u00e9cialis\u00e9e dans le domaine des h\u00f4pitaux et des cliniques, avec des th\u00e8mes principaux comme la num\u00e9risation, l&rsquo;hygi\u00e8ne, l&rsquo;alimentation \u00e0 l&rsquo;h\u00f4pital et l&rsquo;intelligence artificielle. Avec la revue sp\u00e9cialis\u00e9e analogique Competence et la nouvelle version num\u00e9rique \u00ab\u00a0competence.ch\u00a0\u00bb, nous vous offrons une plateforme exclusive en tant que source d&rsquo;information de premier plan pour les d\u00e9cideurs de tous les h\u00f4pitaux, cliniques et institutions de soins suisses publics et priv\u00e9s. Une plate-forme pour pr\u00e9senter votre entreprise et votre offre \u00e0 l&rsquo;ensemble du secteur de la sant\u00e9. <\/p>\n\n\n\n<p><br>Vous trouverez toutes les informations concernant les donn\u00e9es m\u00e9dia et nos tarifs dans le document PDF ci-dessous.<\/p>\n\n\n<div class=\"wp-block-buttons is-content-justification-center\">\n<div class=\"wp-block-button is-style-outline\"><a class=\"wp-block-button__link\"\nhref='https:\/\/competence.ch\/wp-content\/uploads\/2026\/01\/Competence-Mediadaten-2026.pdf' target='_blank'><svg width=\"25\" height=\"25\" viewBox=\"0 0 25 25\" fill=\"none\" xmlns=\"http:\/\/www.w3.org\/2000\/svg\">\n<path d=\"M21.5 15.3213V19.3213C21.5 19.8517 21.2893 20.3604 20.9142 20.7355C20.5391 21.1106 20.0304 21.3213 19.5 21.3213H5.5C4.96957 21.3213 4.46086 21.1106 4.08579 20.7355C3.71071 20.3604 3.5 19.8517 3.5 19.3213V15.3213\" stroke=\"#004D90\" stroke-width=\"2\" stroke-linecap=\"round\" stroke-linejoin=\"round\"\/>\n<path d=\"M7.5 10.3213L12.5 15.3213L17.5 10.3213\" stroke=\"#004D90\" stroke-width=\"2\" stroke-linecap=\"round\" stroke-linejoin=\"round\"\/>\n<path d=\"M12.5 15.3213V3.32129\" stroke=\"#004D90\" stroke-width=\"2\" stroke-linecap=\"round\" stroke-linejoin=\"round\"\/>\n<\/svg>Donn\u00e9es m\u00e9dia 2026<\/a><\/div>\n<\/div>\n\n\n<p><br>Pour les annonces, veuillez contacter<\/p>\n\n\n\n<p><strong>Adrian Rohner<\/strong><br>Mobile <a href=\"tel:+41%2044%20783%2099%2045\">+41 44 783 99 45<\/a>, <a href=\"mailto:adrian.rohner@stutz-medien.ch\" target=\"_blank\" rel=\"noreferrer noopener\">adrian.rohner@stutz-medien.ch<\/a><br>Lien :<a href=\"https:\/\/stutz-medien.ch\/arbeiten\/magazin-competence\/\"> https:\/\/stutz-medien.ch\/arbeiten\/magazin-competence<\/a><br><\/p>\n","protected":false},"excerpt":{"rendered":"<p>Donn\u00e9es m\u00e9dias Competence est une revue professionnelle sp\u00e9cialis\u00e9e dans le domaine des h\u00f4pitaux et des cliniques, avec des th\u00e8mes principaux comme la num\u00e9risation, l&rsquo;hygi\u00e8ne, l&rsquo;alimentation \u00e0 l&rsquo;h\u00f4pital et l&rsquo;intelligence artificielle. Avec la revue sp\u00e9cialis\u00e9e analogique Competence et la nouvelle version num\u00e9rique \u00ab\u00a0competence.ch\u00a0\u00bb, nous vous offrons une plateforme exclusive en tant que source d&rsquo;information de premier [&hellip;]<\/p>\n","protected":false},"author":1,"featured_media":0,"parent":466,"menu_order":0,"comment_status":"closed","ping_status":"closed","template":"","meta":{"_acf_changed":false,"footnotes":""},"class_list":["post-461","page","type-page","status-publish","hentry"],"acf":[],"_links":{"self":[{"href":"https:\/\/competence.ch\/fr\/wp-json\/wp\/v2\/pages\/461","targetHints":{"allow":["GET"]}}],"collection":[{"href":"https:\/\/competence.ch\/fr\/wp-json\/wp\/v2\/pages"}],"about":[{"href":"https:\/\/competence.ch\/fr\/wp-json\/wp\/v2\/types\/page"}],"author":[{"embeddable":true,"href":"https:\/\/competence.ch\/fr\/wp-json\/wp\/v2\/users\/1"}],"replies":[{"embeddable":true,"href":"https:\/\/competence.ch\/fr\/wp-json\/wp\/v2\/comments?post=461"}],"version-history":[{"count":7,"href":"https:\/\/competence.ch\/fr\/wp-json\/wp\/v2\/pages\/461\/revisions"}],"predecessor-version":[{"id":54267,"href":"https:\/\/competence.ch\/fr\/wp-json\/wp\/v2\/pages\/461\/revisions\/54267"}],"up":[{"embeddable":true,"href":"https:\/\/competence.ch\/fr\/wp-json\/wp\/v2\/pages\/466"}],"wp:attachment":[{"href":"https:\/\/competence.ch\/fr\/wp-json\/wp\/v2\/media?parent=461"}],"curies":[{"name":"wp","href":"https:\/\/api.w.org\/{rel}","templated":true}]}}