{"id":460,"date":"2021-11-23T13:52:23","date_gmt":"2021-11-23T13:52:23","guid":{"rendered":"https:\/\/competence.ch\/?page_id=460"},"modified":"2022-11-24T15:37:23","modified_gmt":"2022-11-24T14:37:23","slug":"kontakt","status":"publish","type":"page","link":"https:\/\/competence.ch\/fr\/ueber-uns\/kontakt\/","title":{"rendered":"Contact"},"content":{"rendered":"\n<h1 class=\"wp-block-heading\" id=\"kontakt\">Contact<\/h1>\n\n\n\n<p>Avez-vous des questions ou des suggestions? Souhaitez-vous proposer un article \u00e0 publier dans Competence? N&rsquo;h\u00e9sitez pas \u00e0 prendre contact avec nous.<\/p>\n\n\n\n<h2 class=\"wp-block-heading\" id=\"herausgeber\">Editeur<\/h2>\n\n\n\n<p>H+ Les H\u00f4pitaux de Suisse et la F\u00e9d\u00e9ration suisse des directrices et directeurs d&rsquo;h\u00f4pitaux (FSDH)<br>H+ Die Spit\u00e4ler der Schweiz und die Schweizerische Vereinigung der Spitaldirektorinnen und -direktoren SVS<br>H+ Gli Ospedali Svizzeri e la Federazione svizzera dei direttori d\u2019ospedale FSDO<\/p>\n\n\n\n<h2 class=\"wp-block-heading\" id=\"chefredaktor\">R\u00e9dacteur en chef<\/h2>\n\n\n\n<p>Rolf Gilgen, MLaw, Inh. Gilgen Rolf Consulting,<br>Obere Sch\u00f6neggstr. 7, 8707 Uetikon am See, T\u00e9l\u00e9phone <a href=\"tel:079%20251%2015%2004\" data-type=\"tel\" data-id=\"tel:079 251 15 04\">079 251 15 04<\/a>, <a href=\"mailto:info@gilgenrolf.ch\" data-type=\"mailto\" data-id=\"mailto:info@gilgenrolf.ch\">info@gilgenrolf.ch<\/a>, <a rel=\"noreferrer noopener\" href=\"http:\/\/www.gilgenrolf.ch\" target=\"_blank\">www.gilgenrolf.ch<\/a><\/p>\n\n\n\n<h2 class=\"wp-block-heading\" id=\"redaktionelle-koordination\">Coordination r\u00e9dactionnelle<\/h2>\n\n\n\n<p>Sarah Fogal, H+ Die Spit\u00e4ler der Schweiz,<br>T\u00e9l\u00e9phone <a href=\"tel:031%20335%2011%2053\" data-type=\"tel\" data-id=\"tel:031 335 11 53\">031 335 11 53<\/a>, <a href=\"mailto:sarah.fogal@hplus.ch\" data-type=\"mailto\" data-id=\"mailto:sarah.fogal@hplus.ch\">sarah.fogal@hplus.ch<\/a><\/p>\n\n\n\n<h2 class=\"wp-block-heading\" id=\"redaktion-deutsche-schweiz\">Redaction Suisse al\u00e9manique<\/h2>\n\n\n\n<p>Martina Greiter, H+ Die Spit\u00e4ler der Schweiz,<br>T\u00e9l\u00e9phone <a href=\"tel:031%20335%2011%2028\" data-type=\"tel\" data-id=\"tel:031 335 11 28\">031 335 11 28<\/a>, <a href=\"mailto:martina.greiter@hplus.ch\" data-type=\"mailto\" data-id=\"mailto:martina.greiter@hplus.ch\">martina.greiter@hplus.ch<\/a><\/p>\n\n\n\n<h2 class=\"wp-block-heading\" id=\"redaktion-westschweiz-und-tessin\">R\u00e9daction Suisse romande et Tessin<\/h2>\n\n\n\n<p>Muriel Chavaillaz, T\u00e9l\u00e9phone <a href=\"https:\/\/competence.ch\/fr\/?page_id=20459\" data-type=\"page\" data-id=\"20459\">031 335 11 54<\/a>, <a href=\"mailto:muriel.chavaillaz@hplus.ch\">muriel.chavaillaz@hplus.ch<\/a><\/p>\n\n\n\n<h2 class=\"wp-block-heading\" id=\"verlag-und-druck\">\u00c9dition et impression<\/h2>\n\n\n\n<p>Stutz Medien AG<br>R\u00fctihof 8, 8820 W\u00e4denswil<br>T\u00e9l\u00e9phone <a href=\"tel:+41%2044%20783%2099%2011\" data-type=\"tel\" data-id=\"tel:+41 44 783 99 11\"><\/a><a href=\"tel:+41%2044%20783%2099%2011\">+41 44 783 99 11<\/a>, Fax +41 44 783 99 22, <a href=\"mailto:info@eamedien.ch\" data-type=\"mailto\" data-id=\"mailto:info@eamedien.ch\"><\/a><a href=\"mailto:info@stutz-medien.ch\" data-type=\"mailto\" data-id=\"mailto:info@stutz-medien.ch\">info@stutz-medien.ch<\/a>, <a rel=\"noreferrer noopener\" href=\"https:\/\/stutz-medien.ch\" data-type=\"URL\" data-id=\"https:\/\/stutz-medien.ch\" target=\"_blank\">stutz-medien.ch<\/a><\/p>\n\n\n\n<h2 class=\"wp-block-heading\" id=\"anzeigen-marketing\">Marketing publicitaire<\/h2>\n\n\n\n<p>Stutz Medien AG<br>R\u00fctihof 8, 8820 W\u00e4denswil<\/p>\n\n\n\n<p>Christian Aeschlimann<br>Telefon <a href=\"tel:+41 44 783 99 45\">+41 44 783 99 11<\/a>, Mobile <a href=\"Tel:+41 79 336 39 43\">+41 76 369 14 05<\/a>, <a href=\"mailto:christian.aeschlimann@stutz-medien.ch\">christian.aeschlimann@stutz-medien.ch<\/a><\/p>\n\n\n\n<p>Abonnements<\/p>\n\n\n\n<p>Secr\u00e9tariat central de H+ Les H\u00f4pitaux de Suisse, Lorrainestrasse 4 A, 3013 Bern<br>T\u00e9l\u00e9phone <a href=\"tel:031%20335%2011%2011\" data-type=\"tel\" data-id=\"tel:031 335 11 11\">031 335 11 11<\/a>, <a href=\"mailto:competence-abo@hplus.ch\" data-type=\"mailto\" data-id=\"mailto:competence-abo@hplus.ch\">competence-abo@hplus.ch<\/a><\/p>\n","protected":false},"excerpt":{"rendered":"<p>Contact Avez-vous des questions ou des suggestions? Souhaitez-vous proposer un article \u00e0 publier dans Competence? N&rsquo;h\u00e9sitez pas \u00e0 prendre contact avec nous. Editeur H+ Les H\u00f4pitaux de Suisse et la F\u00e9d\u00e9ration suisse des directrices et directeurs d&rsquo;h\u00f4pitaux (FSDH)H+ Die Spit\u00e4ler der Schweiz und die Schweizerische Vereinigung der Spitaldirektorinnen und -direktoren SVSH+ Gli Ospedali Svizzeri e [&hellip;]<\/p>\n","protected":false},"author":1,"featured_media":0,"parent":466,"menu_order":0,"comment_status":"closed","ping_status":"closed","template":"","meta":{"_acf_changed":false,"footnotes":""},"class_list":["post-460","page","type-page","status-publish","hentry"],"acf":[],"_links":{"self":[{"href":"https:\/\/competence.ch\/fr\/wp-json\/wp\/v2\/pages\/460","targetHints":{"allow":["GET"]}}],"collection":[{"href":"https:\/\/competence.ch\/fr\/wp-json\/wp\/v2\/pages"}],"about":[{"href":"https:\/\/competence.ch\/fr\/wp-json\/wp\/v2\/types\/page"}],"author":[{"embeddable":true,"href":"https:\/\/competence.ch\/fr\/wp-json\/wp\/v2\/users\/1"}],"replies":[{"embeddable":true,"href":"https:\/\/competence.ch\/fr\/wp-json\/wp\/v2\/comments?post=460"}],"version-history":[{"count":0,"href":"https:\/\/competence.ch\/fr\/wp-json\/wp\/v2\/pages\/460\/revisions"}],"up":[{"embeddable":true,"href":"https:\/\/competence.ch\/fr\/wp-json\/wp\/v2\/pages\/466"}],"wp:attachment":[{"href":"https:\/\/competence.ch\/fr\/wp-json\/wp\/v2\/media?parent=460"}],"curies":[{"name":"wp","href":"https:\/\/api.w.org\/{rel}","templated":true}]}}