{"id":459,"date":"2021-11-23T13:53:04","date_gmt":"2021-11-23T13:53:04","guid":{"rendered":"https:\/\/competence.ch\/?page_id=459"},"modified":"2024-03-21T15:30:37","modified_gmt":"2024-03-21T14:30:37","slug":"impressum","status":"publish","type":"page","link":"https:\/\/competence.ch\/fr\/impressum\/","title":{"rendered":"Impressum"},"content":{"rendered":"\n<h2 class=\"wp-block-heading\" id=\"herausgeber\">Editeur<\/h2>\n\n\n\n<p>H+ Les H\u00f4pitaux de Suisse et la F\u00e9d\u00e9ration suisse des directrices et directeurs d&rsquo;h\u00f4pitaux (FSDH)<br>H+ Die Spit\u00e4ler der Schweiz und die Schweizerische Vereinigung der Spitaldirektorinnen und -direktoren SVS<br>H+ Gli Ospedali Svizzeri e la Federazione svizzera dei direttori d\u2019ospedale FSDO<\/p>\n\n\n\n<h2 class=\"wp-block-heading\" id=\"competence-issn-1424-2168\">Competence | ISSN 1424-2168<\/h2>\n\n\n\n<p>Organe officiel de H+ Les H\u00f4pitaux de Suisse et de la F\u00e9d\u00e9ration suisse des directrices et directeurs d\u2019h\u00f4pitaux FSDH<br>Offizielles Organ von H+ Die Spit\u00e4ler der Schweiz und der Schweizerischen Vereinigung der Spitaldirektorinnen und Spitaldirektoren SVS<br>Bolletino ufficiale dell\u2019 H+ Gli Ospedali Svizzeri e della Federazione svizzera dei direttori d\u2019ospedale FSDO<\/p>\n\n\n\n<h2 class=\"wp-block-heading\" id=\"chefredaktor\">R\u00e9dacteur en chef<\/h2>\n\n\n\n<p>Rolf Gilgen (rg), MLaw, Inh. Gilgen Rolf Consulting<br>Obere Sch\u00f6neggstr. 7, 8707 Uetikon am See<br>T\u00e9l\u00e9phone 079 251 15 04, <a href=\"mailto:info@gilgenrolf.ch\">info@gilgenrolf.ch<\/a>, <a rel=\"noreferrer noopener\" href=\"http:\/\/www.gilgenrolf.ch\" target=\"_blank\">www.gilgenrolf.ch<\/a><\/p>\n\n\n\n<h2 class=\"wp-block-heading\" id=\"redaktionelle-koordination\">Coordination r\u00e9dactionnelle<\/h2>\n\n\n\n<p>Sarah Fogal (SAF), H+ Die Spit\u00e4ler der Schweiz<br>Lorrainestrasse 4 A, 3013 Bern<br>T\u00e9l\u00e9phone 031 335 11 53, <a href=\"mailto:sarah.fogal@hplus.ch\">sarah.fogal@hplus.ch<\/a><\/p>\n\n\n\n<h2 class=\"wp-block-heading\" id=\"redaktion-deutsche-schweiz\">Redaction Suisse al\u00e9manique<\/h2>\n\n\n\n<p>Martina Greiter (MAG), H+ Die Spit\u00e4ler der Schweiz<br>Lorrainestrasse 4 A, 3013 Bern<br>T\u00e9l\u00e9phone 031 335 11 28, <a href=\"mailto:martina.greiter@hplus.ch\">martina.greiter@hplus.ch<\/a><\/p>\n\n\n\n<h2 class=\"wp-block-heading\" id=\"redaktion-westschweiz-und-tessin\">R\u00e9daction Suisse romande et Tessin<\/h2>\n\n\n\n<p>Muriel Chavaillaz (MUC)<br>Lorrainestrasse 4 A, 3013 Bern<br>Telefon 031 335 11 54, <a href=\"mailto:muriel.chavaillaz@hplus.ch\">muriel.chavaillaz@hplus.ch<\/a><\/p>\n\n\n\n<h2 class=\"wp-block-heading\" id=\"redaktionskommission\">Comit\u00e9 de r\u00e9daction<\/h2>\n\n\n\n<p>Dorit Djelid (DOD), Andreas Gattiker (AG), Rolf Gilgen (RG), Mikael de Rham (MR), Rodolphe Rouillon (RR)<\/p>\n\n\n\n<p>\u00a9 Mars 2024 by Stutz Medien AG &#8211; all rights reserved<\/p>\n\n\n\n<p>La reproduction des articles sous forme \u00e9lectronique est autoris\u00e9e avec une r\u00e9f\u00e9rence \u00e0 la source.<\/p>\n","protected":false},"excerpt":{"rendered":"<p>Editeur H+ Les H\u00f4pitaux de Suisse et la F\u00e9d\u00e9ration suisse des directrices et directeurs d&rsquo;h\u00f4pitaux (FSDH)H+ Die Spit\u00e4ler der Schweiz und die Schweizerische Vereinigung der Spitaldirektorinnen und -direktoren SVSH+ Gli Ospedali Svizzeri e la Federazione svizzera dei direttori d\u2019ospedale FSDO Competence | ISSN 1424-2168 Organe officiel de H+ Les H\u00f4pitaux de Suisse et de la [&hellip;]<\/p>\n","protected":false},"author":1,"featured_media":0,"parent":0,"menu_order":0,"comment_status":"closed","ping_status":"closed","template":"","meta":{"_acf_changed":false,"footnotes":""},"class_list":["post-459","page","type-page","status-publish","hentry"],"acf":[],"_links":{"self":[{"href":"https:\/\/competence.ch\/fr\/wp-json\/wp\/v2\/pages\/459","targetHints":{"allow":["GET"]}}],"collection":[{"href":"https:\/\/competence.ch\/fr\/wp-json\/wp\/v2\/pages"}],"about":[{"href":"https:\/\/competence.ch\/fr\/wp-json\/wp\/v2\/types\/page"}],"author":[{"embeddable":true,"href":"https:\/\/competence.ch\/fr\/wp-json\/wp\/v2\/users\/1"}],"replies":[{"embeddable":true,"href":"https:\/\/competence.ch\/fr\/wp-json\/wp\/v2\/comments?post=459"}],"version-history":[{"count":0,"href":"https:\/\/competence.ch\/fr\/wp-json\/wp\/v2\/pages\/459\/revisions"}],"wp:attachment":[{"href":"https:\/\/competence.ch\/fr\/wp-json\/wp\/v2\/media?parent=459"}],"curies":[{"name":"wp","href":"https:\/\/api.w.org\/{rel}","templated":true}]}}