{"id":2074,"date":"2022-01-05T17:27:07","date_gmt":"2022-01-05T16:27:07","guid":{"rendered":"https:\/\/competence.ch\/?page_id=2074"},"modified":"2022-02-02T16:25:38","modified_gmt":"2022-02-02T15:25:38","slug":"veranstaltung-formular","status":"publish","type":"page","link":"https:\/\/competence.ch\/fr\/veranstaltung-formular\/","title":{"rendered":"Veranstaltung Formular"},"content":{"rendered":"\n<div class=\"wpcf7 no-js\" id=\"wpcf7-f5821-o1\" lang=\"fr-FR\" dir=\"ltr\" data-wpcf7-id=\"5821\">\n<div class=\"screen-reader-response\"><p role=\"status\" aria-live=\"polite\" aria-atomic=\"true\"><\/p> <ul><\/ul><\/div>\n<form action=\"\/fr\/wp-json\/wp\/v2\/pages\/2074#wpcf7-f5821-o1\" method=\"post\" class=\"wpcf7-form init cf7mls-no-scroll cf7mls-no-moving-animation\" aria-label=\"Formulaire de contact\" novalidate=\"novalidate\" data-status=\"init\">\n<fieldset class=\"hidden-fields-container\"><input type=\"hidden\" name=\"_wpcf7\" value=\"5821\" \/><input type=\"hidden\" name=\"_wpcf7_version\" value=\"6.1.5\" \/><input type=\"hidden\" name=\"_wpcf7_locale\" value=\"fr_FR\" \/><input type=\"hidden\" name=\"_wpcf7_unit_tag\" value=\"wpcf7-f5821-o1\" \/><input type=\"hidden\" name=\"_wpcf7_container_post\" value=\"0\" \/><input type=\"hidden\" name=\"_wpcf7_posted_data_hash\" value=\"\" \/><input type=\"hidden\" name=\"_wpcf7_recaptcha_response\" value=\"\" \/>\n<\/fieldset>\n<ul data-id-form=\"5821\" data-bg-color=\"#0073aa\" data-bg-style-bar=\"navigation_horizontal_round\" data-style-text=\"no\" data-allow-choose-step=\"off\" class=\"cf7mls_progress_bar cf7mls_bar_style_navigation_horizontal_round cf7mls_bar_style_text_no\" style=\"width:60%; margin:42px auto\"><li data-counter=\"1\" data-counter_rtl=\"2\" style=\"width: auto\" class=\"cf7_mls_steps_item active current\"><div class=\"cf7_mls_steps_item_container\"><div class=\"cf7_mls_steps_item_icon\"><span class=\"cf7_mls_count_step\">1<\/span><span class=\"cf7_mls_check\"><i><svg viewBox=\"64 64 896 896\" data-icon=\"check\" width=\"14px\" height=\"14px\" fill=\"currentColor\" aria-hidden=\"true\" focusable=\"false\" class=\"\"><path d=\"M912 190h-69.9c-9.8 0-19.1 4.5-25.1 12.2L404.7 724.5 207 474a32 32 0 0 0-25.1-12.2H112c-6.7 0-10.4 7.7-6.3 12.9l273.9 347c12.8 16.2 37.4 16.2 50.3 0l488.4-618.9c4.1-5.1.4-12.8-6.3-12.8z\"><\/path><\/svg><\/i><\/span><\/div><div class=\"cf7_mls_steps_item_content\"><p class=\"cf7mls_progress_bar_title\">Informations sur la manifestation<\/p><span class=\"cf7_mls_arrow_point_to_righ\"><i><svg x=\"0px\" y=\"0px\" width=\"8px\" height=\"14px\" viewBox=\"0 0 451.846 451.847\" style=\"enable-background:new 0 0 451.846 451.847; xml:space=\"preserve\"><g><path d=\"M345.441,248.292L151.154,442.573c-12.359,12.365-32.397,12.365-44.75,0c-12.354-12.354-12.354-32.391,0-44.744\n                                        L278.318,225.92L106.409,54.017c-12.354-12.359-12.354-32.394,0-44.748c12.354-12.359,32.391-12.359,44.75,0l194.287,194.284\n                                        c6.177,6.18,9.262,14.271,9.262,22.366C354.708,234.018,351.617,242.115,345.441,248.292z\"\/><\/g><\/svg><\/i><\/span><\/div><\/div><\/li><li data-counter=\"2\" data-counter_rtl=\"1\" style=\"width: auto\" class=\"cf7_mls_steps_item \"><div class=\"cf7_mls_steps_item_container\"><div class=\"cf7_mls_steps_item_icon\"><span class=\"cf7_mls_count_step\">2<\/span><span class=\"cf7_mls_check\"><i><svg viewBox=\"64 64 896 896\" data-icon=\"check\" width=\"14px\" height=\"14px\" fill=\"currentColor\" aria-hidden=\"true\" focusable=\"false\" class=\"\"><path d=\"M912 190h-69.9c-9.8 0-19.1 4.5-25.1 12.2L404.7 724.5 207 474a32 32 0 0 0-25.1-12.2H112c-6.7 0-10.4 7.7-6.3 12.9l273.9 347c12.8 16.2 37.4 16.2 50.3 0l488.4-618.9c4.1-5.1.4-12.8-6.3-12.8z\"><\/path><\/svg><\/i><\/span><\/div><div class=\"cf7_mls_steps_item_content\"><p class=\"cf7mls_progress_bar_title\">Fournisseur des donn\u00e9es de contact<\/p><span class=\"cf7_mls_arrow_point_to_righ\"><i><svg x=\"0px\" y=\"0px\" width=\"8px\" height=\"14px\" viewBox=\"0 0 451.846 451.847\" style=\"enable-background:new 0 0 451.846 451.847; xml:space=\"preserve\"><g><path d=\"M345.441,248.292L151.154,442.573c-12.359,12.365-32.397,12.365-44.75,0c-12.354-12.354-12.354-32.391,0-44.744\n                                        L278.318,225.92L106.409,54.017c-12.354-12.359-12.354-32.394,0-44.748c12.354-12.359,32.391-12.359,44.75,0l194.287,194.284\n                                        c6.177,6.18,9.262,14.271,9.262,22.366C354.708,234.018,351.617,242.115,345.441,248.292z\"\/><\/g><\/svg><\/i><\/span><\/div><\/div><\/li><\/ul><div class=\"cf7mls_number_step_wrap\" data-bg-color=\"#0073aa\" data-number-step=\"2\"><p class=\"cf7mls_number\">1\/2<\/p><p class=\"cf7mls_step_current\">Informations sur la manifestation<\/p><div class=\"cf7mls_progress_percent\"><div class=\"cf7mls_progress_bar_percent\"><div class=\"cf7mls_progress_barinner\"><\/div><\/div><\/div><\/div><div class=\"fieldset-cf7mls-wrapper\" data-transition-effects=\"\"><fieldset class=\"fieldset-cf7mls cf7mls_current_fs\"><h2 style=\"text-align: center;\">Informations sur la manifestation\n<\/h2>\n<p><label><span class=\"text_meta\">Titre de la manifestation*<\/span><br \/>\n<span class=\"wpcf7-form-control-wrap\" data-name=\"event-titel\"><input size=\"40\" maxlength=\"400\" class=\"wpcf7-form-control wpcf7-text wpcf7-validates-as-required\" aria-required=\"true\" aria-invalid=\"false\" value=\"\" type=\"text\" name=\"event-titel\" \/><\/span> <\/label>\n<\/p>\n<p><label><span class=\"text_meta\">Compl\u00e9ment<\/span><br \/>\n<span class=\"wpcf7-form-control-wrap\" data-name=\"event-zusatz\"><input size=\"40\" maxlength=\"400\" class=\"wpcf7-form-control wpcf7-text\" aria-invalid=\"false\" value=\"\" type=\"text\" name=\"event-zusatz\" \/><\/span> <\/label>\n<\/p>\n<p><label><span class=\"text_meta\">Date*<\/span><br \/>\n<span class=\"wpcf7-form-control-wrap\" data-name=\"event-date\"><input class=\"wpcf7-form-control wpcf7-date wpcf7-validates-as-required wpcf7-validates-as-date\" aria-required=\"true\" aria-invalid=\"false\" value=\"\" type=\"date\" name=\"event-date\" \/><\/span> <\/label>\n<\/p>\n<p><label><span class=\"text_meta\">Heure<\/span><br \/>\n<span class=\"wpcf7-form-control-wrap\" data-name=\"uhrzeit\"><input size=\"40\" maxlength=\"400\" class=\"wpcf7-form-control wpcf7-text\" aria-invalid=\"false\" value=\"\" type=\"text\" name=\"uhrzeit\" \/><\/span> <\/label>\n<\/p>\n<p><label><span class=\"text_meta\">Lieu de la manifestation*<\/span><br \/>\n<span class=\"wpcf7-form-control-wrap\" data-name=\"veranstaltungsort\"><input size=\"40\" maxlength=\"400\" class=\"wpcf7-form-control wpcf7-text wpcf7-validates-as-required\" aria-required=\"true\" aria-invalid=\"false\" value=\"\" type=\"text\" name=\"veranstaltungsort\" \/><\/span> <\/label>\n<\/p>\n<p><label><span class=\"text_meta\">Adresse*<\/span><br \/>\n<span class=\"wpcf7-form-control-wrap\" data-name=\"adresse\"><input size=\"40\" maxlength=\"400\" class=\"wpcf7-form-control wpcf7-text wpcf7-validates-as-required\" aria-required=\"true\" aria-invalid=\"false\" value=\"\" type=\"text\" name=\"adresse\" \/><\/span> <\/label>\n<\/p>\n<p><label><span class=\"text_meta\">NPA*<\/span><br \/>\n<span class=\"wpcf7-form-control-wrap\" data-name=\"plz\"><input size=\"40\" maxlength=\"400\" class=\"wpcf7-form-control wpcf7-text wpcf7-validates-as-required\" aria-required=\"true\" aria-invalid=\"false\" value=\"\" type=\"text\" name=\"plz\" \/><\/span> <\/label>\n<\/p>\n<p><label><span class=\"text_meta\">Lieu*<\/span><br \/>\n<span class=\"wpcf7-form-control-wrap\" data-name=\"ort\"><input size=\"40\" maxlength=\"400\" class=\"wpcf7-form-control wpcf7-text wpcf7-validates-as-required\" aria-required=\"true\" aria-invalid=\"false\" value=\"\" type=\"text\" name=\"ort\" \/><\/span><\/label>\n<\/p>\n<p><label><span class=\"text_meta\">E-mail<\/span><br \/>\n<span class=\"wpcf7-form-control-wrap\" data-name=\"e-mail\"><input size=\"40\" maxlength=\"400\" class=\"wpcf7-form-control wpcf7-email wpcf7-text wpcf7-validates-as-email\" aria-invalid=\"false\" value=\"\" type=\"email\" name=\"e-mail\" \/><\/span><\/label>\n<\/p>\n<p><label><span class=\"text_meta\">Num\u00e9ro de t\u00e9l\u00e9phone<\/span><br \/>\n<span class=\"wpcf7-form-control-wrap\" data-name=\"telefonnummer\"><input size=\"40\" maxlength=\"400\" class=\"wpcf7-form-control wpcf7-tel wpcf7-text wpcf7-validates-as-tel\" aria-invalid=\"false\" value=\"\" type=\"tel\" name=\"telefonnummer\" \/><\/span> <\/label>\n<\/p>\n<p><label><span class=\"text_meta\">Adresse Web de l'organisateur<\/span><br \/>\n<span class=\"wpcf7-form-control-wrap\" data-name=\"webadresse\"><input size=\"40\" maxlength=\"400\" class=\"wpcf7-form-control wpcf7-url wpcf7-text wpcf7-validates-as-url\" aria-invalid=\"false\" value=\"\" type=\"url\" name=\"webadresse\" \/><\/span> <\/label>\n<\/p>\n<p><label><span class=\"text_meta\">Lien vers de plus amples informations<\/span><br \/>\n<span class=\"wpcf7-form-control-wrap\" data-name=\"verlinkung\"><input size=\"40\" maxlength=\"400\" class=\"wpcf7-form-control wpcf7-url wpcf7-validates-as-required wpcf7-text wpcf7-validates-as-url\" aria-required=\"true\" aria-invalid=\"false\" value=\"\" type=\"url\" name=\"verlinkung\" \/><\/span> <\/label><br \/>\n<div class=\"cf7mls-btns\"><button type=\"button\" class=\"cf7mls_next cf7mls_btn action-button\" name=\"cf7mls_next\" id=\"cf7mls-next-btn-cf7mls_step-1\">Suivant<img decoding=\"async\" src=\"https:\/\/competence.ch\/wp-content\/plugins\/contact-form-7-multi-step-pro\/\/assets\/frontend\/img\/loader.svg\" alt=\"\" data-lazy-src=\"https:\/\/competence.ch\/wp-content\/plugins\/contact-form-7-multi-step-pro\/\/assets\/frontend\/img\/loader.svg\" \/><\/button><\/div><p><\/p><\/fieldset><fieldset class=\"fieldset-cf7mls\">\n<\/p>\n<h2 style=\"text-align: center;\">Fournisseur des donn\u00e9es de contact\n<\/h2>\n<p><label><span class=\"text_meta\">Civilit\u00e9<\/span><br \/>\n<span class=\"wpcf7-form-control-wrap\" data-name=\"einreicher-anrede\"><select class=\"wpcf7-form-control wpcf7-select\" aria-invalid=\"false\" name=\"einreicher-anrede\"><option value=\"\">&#8212;Veuillez choisir une option&#8212;<\/option><option value=\"Madame\">Madame<\/option><option value=\"Monsieur\">Monsieur<\/option><option value=\"Sans pr\u00e9cision\">Sans pr\u00e9cision<\/option><\/select><\/span> <\/label>\n<\/p>\n<p><label><span class=\"text_meta\">Pr\u00e9nom*<\/span><br \/>\n<span class=\"wpcf7-form-control-wrap\" data-name=\"einreicher-vorname\"><input size=\"40\" maxlength=\"400\" class=\"wpcf7-form-control wpcf7-text wpcf7-validates-as-required\" aria-required=\"true\" aria-invalid=\"false\" value=\"\" type=\"text\" name=\"einreicher-vorname\" \/><\/span> <\/label>\n<\/p>\n<p><label><span class=\"text_meta\">Nom*<\/span><br \/>\n<span class=\"wpcf7-form-control-wrap\" data-name=\"einreicher-nachname\"><input size=\"40\" maxlength=\"400\" class=\"wpcf7-form-control wpcf7-text wpcf7-validates-as-required\" aria-required=\"true\" aria-invalid=\"false\" value=\"\" type=\"text\" name=\"einreicher-nachname\" \/><\/span> <\/label>\n<\/p>\n<p><label><span class=\"text_meta\">E-mail*<\/span><br \/>\n<span class=\"wpcf7-form-control-wrap\" data-name=\"einreicher-email\"><input size=\"40\" maxlength=\"400\" class=\"wpcf7-form-control wpcf7-email wpcf7-validates-as-required wpcf7-text wpcf7-validates-as-email\" aria-required=\"true\" aria-invalid=\"false\" value=\"\" type=\"email\" name=\"einreicher-email\" \/><\/span> <\/label>\n<\/p>\n<p><label><span class=\"text_meta\">T\u00e9l\u00e9phone*<\/span><br \/>\n<span class=\"wpcf7-form-control-wrap\" data-name=\"einreicher-telefon\"><input size=\"40\" maxlength=\"400\" class=\"wpcf7-form-control wpcf7-tel wpcf7-validates-as-required wpcf7-text wpcf7-validates-as-tel\" aria-required=\"true\" aria-invalid=\"false\" value=\"\" type=\"tel\" name=\"einreicher-telefon\" \/><\/span> <\/label>\n<\/p>\n<p><label><span class=\"text_meta\">Remarque<\/span><br \/>\n<span class=\"wpcf7-form-control-wrap\" data-name=\"einreicher-bemerkung\"><textarea cols=\"40\" rows=\"10\" maxlength=\"2000\" class=\"wpcf7-form-control wpcf7-textarea wpcf7-validates-as-required\" aria-required=\"true\" aria-invalid=\"false\" name=\"einreicher-bemerkung\"><\/textarea><\/span> <\/label>\n<\/p>\n<p><span class=\"wpcf7-form-control-wrap\" data-name=\"checkbox-427\"><span class=\"wpcf7-form-control wpcf7-checkbox wpcf7-validates-as-required\"><span class=\"wpcf7-list-item first last\"><label><input type=\"checkbox\" name=\"checkbox-427[]\" value=\"Accepter la d\u00e9claration de confidentialit\u00e9\" \/><span class=\"wpcf7-list-item-label\">Accepter la d\u00e9claration de confidentialit\u00e9<\/span><\/label><\/span><\/span><\/span><br \/>\n<span class=\"wpcf7-form-control-wrap\" data-name=\"checkbox-30\"><span class=\"wpcf7-form-control wpcf7-checkbox\"><span class=\"wpcf7-list-item first last\"><label><input type=\"checkbox\" name=\"checkbox-30[]\" value=\"S&#039;inscrire \u00e0 la Newsletter\" \/><span class=\"wpcf7-list-item-label\">S&#039;inscrire \u00e0 la Newsletter<\/span><\/label><\/span><\/span><\/span>\n<\/p>\n<p><input class=\"wpcf7-form-control wpcf7-submit has-spinner\" type=\"submit\" value=\"Envoyer le formulaire\" \/><button type=\"button\" class=\"cf7mls_back action-button\" name=\"cf7mls_back\" id=\"cf7mls-back-btn-cf7mls_step-2\">Retourner<\/button>\n<\/p><\/fieldset><\/div><div class=\"wpcf7-response-output\" aria-hidden=\"true\"><\/div>\n<\/form>\n<\/div>\n\n","protected":false},"excerpt":{"rendered":"","protected":false},"author":1,"featured_media":0,"parent":0,"menu_order":0,"comment_status":"closed","ping_status":"closed","template":"","meta":{"_acf_changed":false,"footnotes":""},"class_list":["post-2074","page","type-page","status-publish","hentry"],"acf":[],"_links":{"self":[{"href":"https:\/\/competence.ch\/fr\/wp-json\/wp\/v2\/pages\/2074","targetHints":{"allow":["GET"]}}],"collection":[{"href":"https:\/\/competence.ch\/fr\/wp-json\/wp\/v2\/pages"}],"about":[{"href":"https:\/\/competence.ch\/fr\/wp-json\/wp\/v2\/types\/page"}],"author":[{"embeddable":true,"href":"https:\/\/competence.ch\/fr\/wp-json\/wp\/v2\/users\/1"}],"replies":[{"embeddable":true,"href":"https:\/\/competence.ch\/fr\/wp-json\/wp\/v2\/comments?post=2074"}],"version-history":[{"count":0,"href":"https:\/\/competence.ch\/fr\/wp-json\/wp\/v2\/pages\/2074\/revisions"}],"wp:attachment":[{"href":"https:\/\/competence.ch\/fr\/wp-json\/wp\/v2\/media?parent=2074"}],"curies":[{"name":"wp","href":"https:\/\/api.w.org\/{rel}","templated":true}]}}