{"id":2067,"date":"2022-01-05T17:25:56","date_gmt":"2022-01-05T16:25:56","guid":{"rendered":"https:\/\/competence.ch\/?page_id=2067"},"modified":"2022-02-04T12:03:02","modified_gmt":"2022-02-04T11:03:02","slug":"who-is-new-formular","status":"publish","type":"page","link":"https:\/\/competence.ch\/fr\/who-is-new-formular\/","title":{"rendered":"Formulaire Who is new"},"content":{"rendered":"\n<h2 class=\"wp-block-heading\" id=\"who-is-new-beitrag-einreichen\">Transmettre une contribution pour Who is new<\/h2>\n\n\n\n<p>Faites-nous part des mutations de vos cadres. Nous int\u00e9grerons vos contributions dans notre rubrique Who is new qui para\u00eet \u00e9galement dans l&rsquo;\u00e9dition papier.<\/p>\n\n\n\n<div class=\"wpcf7 no-js\" id=\"wpcf7-f5911-o1\" lang=\"fr-FR\" dir=\"ltr\" data-wpcf7-id=\"5911\">\n<div class=\"screen-reader-response\"><p role=\"status\" aria-live=\"polite\" aria-atomic=\"true\"><\/p> <ul><\/ul><\/div>\n<form action=\"\/fr\/wp-json\/wp\/v2\/pages\/2067#wpcf7-f5911-o1\" method=\"post\" class=\"wpcf7-form init cf7mls-no-scroll cf7mls-no-moving-animation\" aria-label=\"Formulaire de contact\" enctype=\"multipart\/form-data\" novalidate=\"novalidate\" data-status=\"init\">\n<fieldset class=\"hidden-fields-container\"><input type=\"hidden\" name=\"_wpcf7\" value=\"5911\" \/><input type=\"hidden\" name=\"_wpcf7_version\" value=\"6.1.5\" \/><input type=\"hidden\" name=\"_wpcf7_locale\" value=\"fr_FR\" \/><input type=\"hidden\" name=\"_wpcf7_unit_tag\" value=\"wpcf7-f5911-o1\" \/><input type=\"hidden\" name=\"_wpcf7_container_post\" value=\"0\" \/><input type=\"hidden\" name=\"_wpcf7_posted_data_hash\" value=\"\" \/><input type=\"hidden\" name=\"_wpcf7_recaptcha_response\" value=\"\" \/>\n<\/fieldset>\n<ul data-id-form=\"5911\" data-bg-color=\"#004d90\" data-bg-style-bar=\"navigation_horizontal_round\" data-style-text=\"no\" data-allow-choose-step=\"off\" class=\"cf7mls_progress_bar cf7mls_bar_style_navigation_horizontal_round cf7mls_bar_style_text_no\" style=\"width:60%; margin:42px auto\"><li data-counter=\"1\" data-counter_rtl=\"2\" style=\"width: auto\" class=\"cf7_mls_steps_item active current\"><div class=\"cf7_mls_steps_item_container\"><div class=\"cf7_mls_steps_item_icon\"><span class=\"cf7_mls_count_step\">1<\/span><span class=\"cf7_mls_check\"><i><svg viewBox=\"64 64 896 896\" data-icon=\"check\" width=\"14px\" height=\"14px\" fill=\"currentColor\" aria-hidden=\"true\" focusable=\"false\" class=\"\"><path d=\"M912 190h-69.9c-9.8 0-19.1 4.5-25.1 12.2L404.7 724.5 207 474a32 32 0 0 0-25.1-12.2H112c-6.7 0-10.4 7.7-6.3 12.9l273.9 347c12.8 16.2 37.4 16.2 50.3 0l488.4-618.9c4.1-5.1.4-12.8-6.3-12.8z\"><\/path><\/svg><\/i><\/span><\/div><div class=\"cf7_mls_steps_item_content\"><p class=\"cf7mls_progress_bar_title\">Informations personnelles<\/p><span class=\"cf7_mls_arrow_point_to_righ\"><i><svg x=\"0px\" y=\"0px\" width=\"8px\" height=\"14px\" viewBox=\"0 0 451.846 451.847\" style=\"enable-background:new 0 0 451.846 451.847; xml:space=\"preserve\"><g><path d=\"M345.441,248.292L151.154,442.573c-12.359,12.365-32.397,12.365-44.75,0c-12.354-12.354-12.354-32.391,0-44.744\n                                        L278.318,225.92L106.409,54.017c-12.354-12.359-12.354-32.394,0-44.748c12.354-12.359,32.391-12.359,44.75,0l194.287,194.284\n                                        c6.177,6.18,9.262,14.271,9.262,22.366C354.708,234.018,351.617,242.115,345.441,248.292z\"\/><\/g><\/svg><\/i><\/span><\/div><\/div><\/li><li data-counter=\"2\" data-counter_rtl=\"1\" style=\"width: auto\" class=\"cf7_mls_steps_item \"><div class=\"cf7_mls_steps_item_container\"><div class=\"cf7_mls_steps_item_icon\"><span class=\"cf7_mls_count_step\">2<\/span><span class=\"cf7_mls_check\"><i><svg viewBox=\"64 64 896 896\" data-icon=\"check\" width=\"14px\" height=\"14px\" fill=\"currentColor\" aria-hidden=\"true\" focusable=\"false\" class=\"\"><path d=\"M912 190h-69.9c-9.8 0-19.1 4.5-25.1 12.2L404.7 724.5 207 474a32 32 0 0 0-25.1-12.2H112c-6.7 0-10.4 7.7-6.3 12.9l273.9 347c12.8 16.2 37.4 16.2 50.3 0l488.4-618.9c4.1-5.1.4-12.8-6.3-12.8z\"><\/path><\/svg><\/i><\/span><\/div><div class=\"cf7_mls_steps_item_content\"><p class=\"cf7mls_progress_bar_title\">Fournisseur des donn\u00e9es de contact<\/p><span class=\"cf7_mls_arrow_point_to_righ\"><i><svg x=\"0px\" y=\"0px\" width=\"8px\" height=\"14px\" viewBox=\"0 0 451.846 451.847\" style=\"enable-background:new 0 0 451.846 451.847; xml:space=\"preserve\"><g><path d=\"M345.441,248.292L151.154,442.573c-12.359,12.365-32.397,12.365-44.75,0c-12.354-12.354-12.354-32.391,0-44.744\n                                        L278.318,225.92L106.409,54.017c-12.354-12.359-12.354-32.394,0-44.748c12.354-12.359,32.391-12.359,44.75,0l194.287,194.284\n                                        c6.177,6.18,9.262,14.271,9.262,22.366C354.708,234.018,351.617,242.115,345.441,248.292z\"\/><\/g><\/svg><\/i><\/span><\/div><\/div><\/li><\/ul><div class=\"cf7mls_number_step_wrap\" data-bg-color=\"#004d90\" data-number-step=\"2\"><p class=\"cf7mls_number\">1\/2<\/p><p class=\"cf7mls_step_current\">Informations personnelles<\/p><div class=\"cf7mls_progress_percent\"><div class=\"cf7mls_progress_bar_percent\"><div class=\"cf7mls_progress_barinner\"><\/div><\/div><\/div><\/div><div class=\"fieldset-cf7mls-wrapper\" data-transition-effects=\"\"><fieldset class=\"fieldset-cf7mls cf7mls_current_fs\"><style>span.person-bild:after{\ncontent:\"T\u00e9l\u00e9charger la photo\";\n}\n<\/style>\n<h2 style=\"text-align: center;\">Informations personnelles\n<\/h2>\n<p><label><span class=\"text_meta\">Titre<\/span><br \/>\n<span class=\"wpcf7-form-control-wrap\" data-name=\"person-titel\"><input size=\"40\" maxlength=\"400\" class=\"wpcf7-form-control wpcf7-text\" aria-invalid=\"false\" value=\"\" type=\"text\" name=\"person-titel\" \/><\/span> <\/label>\n<\/p>\n<p><label><span class=\"text_meta\">Pr\u00e9nom*<\/span><br \/>\n<span class=\"wpcf7-form-control-wrap\" data-name=\"person-vorname\"><input size=\"40\" maxlength=\"400\" class=\"wpcf7-form-control wpcf7-text wpcf7-validates-as-required\" aria-required=\"true\" aria-invalid=\"false\" value=\"\" type=\"text\" name=\"person-vorname\" \/><\/span> <\/label>\n<\/p>\n<p><label><span class=\"text_meta\">Nom*<\/span><br \/>\n<span class=\"wpcf7-form-control-wrap\" data-name=\"person-nachname\"><input size=\"40\" maxlength=\"400\" class=\"wpcf7-form-control wpcf7-text wpcf7-validates-as-required\" aria-required=\"true\" aria-invalid=\"false\" value=\"\" type=\"text\" name=\"person-nachname\" \/><\/span> <\/label>\n<\/p>\n<p><label><span class=\"text_meta\">Nouvelle fonction*<\/span><br \/>\n<span class=\"wpcf7-form-control-wrap\" data-name=\"person-funktion\"><input size=\"40\" maxlength=\"400\" class=\"wpcf7-form-control wpcf7-text wpcf7-validates-as-required\" aria-required=\"true\" aria-invalid=\"false\" value=\"\" type=\"text\" name=\"person-funktion\" \/><\/span> <\/label>\n<\/p>\n<p><label><span class=\"text_meta\">Date d'entr\u00e9e en fonction au nouveau poste*<\/span><\/label>\n<\/p>\n<div style=\"display:flex;justify-content: space-between;gap: 15px;align-items: center;\">\n\t<p>Depuis<span class=\"wpcf7-form-control-wrap\" data-name=\"date\"><input class=\"wpcf7-form-control wpcf7-date wpcf7-validates-as-required wpcf7-validates-as-date\" aria-required=\"true\" aria-invalid=\"false\" value=\"\" type=\"date\" name=\"date\" \/><\/span>\n\t<\/p>\n<\/div>\n<p><label><span class=\"text_meta\">Nom de l'h\u00f4pital \/ de la clinique*<\/span><br \/>\n<span class=\"wpcf7-form-control-wrap\" data-name=\"person-spital\"><input size=\"40\" maxlength=\"400\" class=\"wpcf7-form-control wpcf7-text wpcf7-validates-as-required\" aria-required=\"true\" aria-invalid=\"false\" value=\"\" type=\"text\" name=\"person-spital\" \/><\/span> <\/label>\n<\/p>\n<p><label><span class=\"text_meta\">Notice d\u00e9taill\u00e9e (max. 800 signes)<\/span><br \/>\n<span class=\"wpcf7-form-control-wrap\" data-name=\"person-detailbeschrieb\"><textarea cols=\"40\" rows=\"10\" maxlength=\"800\" class=\"wpcf7-form-control wpcf7-textarea wpcf7-validates-as-required\" aria-required=\"true\" aria-invalid=\"false\" name=\"person-detailbeschrieb\"><\/textarea><\/span> <\/label>\n<\/p>\n<p><label><span class=\"text_meta\"><\/span><\/label>\n<\/p>\n<h3>Photo de profil en bonne r\u00e9solution*\n<\/h3>\n<p><span class=\"text_meta\">R\u00e9solution minimale: 250px x 250px<br \/>\nFormats autoris\u00e9s: JPG, PNG ou PDF Nombre max. de 10MB<\/span>\n<\/p>\n<p><span class=\"wpcf7-form-control-wrap cv\"><span class=\"wpcf7-form-control-wrap\" data-name=\"person-bild\"><input size=\"40\" class=\"wpcf7-form-control wpcf7-file wpcf7-validates-as-required\" accept=\".jpg,.png,.pdf\" aria-required=\"true\" aria-invalid=\"false\" type=\"file\" name=\"person-bild\" \/><\/span><\/span><div class=\"cf7mls-btns\"><button type=\"button\" class=\"cf7mls_next cf7mls_btn action-button\" name=\"cf7mls_next\" id=\"cf7mls-next-btn-cf7mls_step-1\">Suivant<img decoding=\"async\" src=\"https:\/\/competence.ch\/wp-content\/plugins\/contact-form-7-multi-step-pro\/\/assets\/frontend\/img\/loader.svg\" alt=\"\" data-lazy-src=\"https:\/\/competence.ch\/wp-content\/plugins\/contact-form-7-multi-step-pro\/\/assets\/frontend\/img\/loader.svg\" \/><\/button><\/div><p><\/p><\/fieldset><fieldset class=\"fieldset-cf7mls\">\n<\/p>\n<h2 style=\"text-align: center;\">Fournisseur des donn\u00e9es de contact\n<\/h2>\n<p><label><span class=\"text_meta\">Civilit\u00e9<\/span><br \/>\n<span class=\"wpcf7-form-control-wrap\" data-name=\"einreicher-anrede\"><select class=\"wpcf7-form-control wpcf7-select\" aria-invalid=\"false\" name=\"einreicher-anrede\"><option value=\"\">&#8212;Veuillez choisir une option&#8212;<\/option><option value=\"Madame\">Madame<\/option><option value=\"Monsieur\">Monsieur<\/option><option value=\"Sans pr\u00e9cision\">Sans pr\u00e9cision<\/option><\/select><\/span> <\/label>\n<\/p>\n<p><label><span class=\"text_meta\">Pr\u00e9nom*<\/span><br \/>\n<span class=\"wpcf7-form-control-wrap\" data-name=\"einreicher-vorname\"><input size=\"40\" maxlength=\"400\" class=\"wpcf7-form-control wpcf7-text wpcf7-validates-as-required\" aria-required=\"true\" aria-invalid=\"false\" value=\"\" type=\"text\" name=\"einreicher-vorname\" \/><\/span> <\/label>\n<\/p>\n<p><label><span class=\"text_meta\">Nom*<\/span><br \/>\n<span class=\"wpcf7-form-control-wrap\" data-name=\"einreicher-nachname\"><input size=\"40\" maxlength=\"400\" class=\"wpcf7-form-control wpcf7-text wpcf7-validates-as-required\" aria-required=\"true\" aria-invalid=\"false\" value=\"\" type=\"text\" name=\"einreicher-nachname\" \/><\/span> <\/label>\n<\/p>\n<p><label><span class=\"text_meta\">E-mail*<\/span><br \/>\n<span class=\"wpcf7-form-control-wrap\" data-name=\"einreicher-email\"><input size=\"40\" maxlength=\"400\" class=\"wpcf7-form-control wpcf7-email wpcf7-validates-as-required wpcf7-text wpcf7-validates-as-email\" aria-required=\"true\" aria-invalid=\"false\" value=\"\" type=\"email\" name=\"einreicher-email\" \/><\/span> <\/label>\n<\/p>\n<p><label><span class=\"text_meta\">T\u00e9l\u00e9phone*<\/span><br \/>\n<span class=\"wpcf7-form-control-wrap\" data-name=\"einreicher-telefon\"><input size=\"40\" maxlength=\"400\" class=\"wpcf7-form-control wpcf7-tel wpcf7-validates-as-required wpcf7-text wpcf7-validates-as-tel\" aria-required=\"true\" aria-invalid=\"false\" value=\"\" type=\"tel\" name=\"einreicher-telefon\" \/><\/span> <\/label>\n<\/p>\n<p><label><span class=\"text_meta\">Remarque<\/span><br \/>\n<span class=\"wpcf7-form-control-wrap\" data-name=\"einreicher-bemerkung\"><textarea cols=\"40\" rows=\"10\" maxlength=\"2000\" class=\"wpcf7-form-control wpcf7-textarea\" aria-invalid=\"false\" name=\"einreicher-bemerkung\"><\/textarea><\/span> <\/label>\n<\/p>\n<p><span class=\"wpcf7-form-control-wrap\" data-name=\"checkbox-427\"><span class=\"wpcf7-form-control wpcf7-checkbox wpcf7-validates-as-required\"><span class=\"wpcf7-list-item first last\"><label><input type=\"checkbox\" name=\"checkbox-427[]\" value=\"Accepter la d\u00e9claration de confidentialit\u00e9\" \/><span class=\"wpcf7-list-item-label\">Accepter la d\u00e9claration de confidentialit\u00e9<\/span><\/label><\/span><\/span><\/span><br \/>\n<span class=\"wpcf7-form-control-wrap\" data-name=\"checkbox-853\"><span class=\"wpcf7-form-control wpcf7-checkbox\"><span class=\"wpcf7-list-item first last\"><label><input type=\"checkbox\" name=\"checkbox-853[]\" value=\"S&#039;inscrire \u00e0 la Newsletter\" \/><span class=\"wpcf7-list-item-label\">S&#039;inscrire \u00e0 la Newsletter<\/span><\/label><\/span><\/span><\/span>\n<\/p>\n<p><input class=\"wpcf7-form-control wpcf7-submit has-spinner\" type=\"submit\" value=\"Envoyer le formulaire\" \/><button type=\"button\" class=\"cf7mls_back action-button\" name=\"cf7mls_back\" id=\"cf7mls-back-btn-cf7mls_step-2\">Retourner<\/button>\n<\/p><\/fieldset><\/div><div class=\"wpcf7-response-output\" aria-hidden=\"true\"><\/div>\n<\/form>\n<\/div>\n\n\n\n\n<p><\/p>\n","protected":false},"excerpt":{"rendered":"<p>Transmettre une contribution pour Who is new Faites-nous part des mutations de vos cadres. Nous int\u00e9grerons vos contributions dans notre rubrique Who is new qui para\u00eet \u00e9galement dans l&rsquo;\u00e9dition papier.<\/p>\n","protected":false},"author":1,"featured_media":0,"parent":0,"menu_order":0,"comment_status":"closed","ping_status":"closed","template":"","meta":{"_acf_changed":false,"footnotes":""},"class_list":["post-2067","page","type-page","status-publish","hentry"],"acf":[],"_links":{"self":[{"href":"https:\/\/competence.ch\/fr\/wp-json\/wp\/v2\/pages\/2067","targetHints":{"allow":["GET"]}}],"collection":[{"href":"https:\/\/competence.ch\/fr\/wp-json\/wp\/v2\/pages"}],"about":[{"href":"https:\/\/competence.ch\/fr\/wp-json\/wp\/v2\/types\/page"}],"author":[{"embeddable":true,"href":"https:\/\/competence.ch\/fr\/wp-json\/wp\/v2\/users\/1"}],"replies":[{"embeddable":true,"href":"https:\/\/competence.ch\/fr\/wp-json\/wp\/v2\/comments?post=2067"}],"version-history":[{"count":0,"href":"https:\/\/competence.ch\/fr\/wp-json\/wp\/v2\/pages\/2067\/revisions"}],"wp:attachment":[{"href":"https:\/\/competence.ch\/fr\/wp-json\/wp\/v2\/media?parent=2067"}],"curies":[{"name":"wp","href":"https:\/\/api.w.org\/{rel}","templated":true}]}}