{"id":1392,"date":"2022-01-06T13:40:02","date_gmt":"2022-01-06T12:40:02","guid":{"rendered":"https:\/\/competence.ch\/?page_id=1392"},"modified":"2023-10-10T10:47:05","modified_gmt":"2023-10-10T08:47:05","slug":"forum","status":"publish","type":"page","link":"https:\/\/competence.ch\/fr\/ueber-uns\/forum\/","title":{"rendered":"Magazine"},"content":{"rendered":"\n<h1 class=\"wp-block-heading\" id=\"competence-h-hospital-forum\">Competence H+ Hospital Forum<\/h1>\n\n\n\n<p>Principal magazine de la branche des h\u00f4pitaux et des cliniques, Competence est l&rsquo;organe officiel de H+ Les H\u00f4pitaux de Suisse et de la F\u00e9d\u00e9ration suisse des directrices et directeurs d&rsquo;h\u00f4pitaux (FSDH).<\/p>\n\n\n\n<p><strong>En g\u00e9n\u00e9ral<\/strong><br>De simple revue d&rsquo;association, Competence est devenu en 80 ans un magazine sp\u00e9cialis\u00e9 de qualit\u00e9 consacr\u00e9 \u00e0 la branche hospitali\u00e8re suisse.<\/p>\n\n\n\n<p><strong>Public cible<br><\/strong>Cadres, sp\u00e9cialistes et collaborateurs des h\u00f4pitaux, cliniques et institutions de soins \u2013 membres de conseils d&rsquo;administration, \u00e9conomistes, directrices et directeurs de la sant\u00e9, politiciennes et politiciens.<\/p>\n\n\n\n<p><strong>Public cible<br><\/strong>Competence est le magazine sp\u00e9cialis\u00e9 des cadres, des sp\u00e9cialistes et des collaborateurs des h\u00f4pitaux, des cliniques et des institutions de soins suisses. Competence approfondit des sujets d&rsquo;actualit\u00e9 du domaine de la sant\u00e9 et des h\u00f4pitaux en multipliant les points de vue. Le magazine offre \u00e0 ses lectrices et \u00e0 ses lecteurs des informations cibl\u00e9es de grande qualit\u00e9 journalistique et scientifique.<br><strong><br>Distribution<br><\/strong>Tirage de Competence 2200 exemplaires<br>Tirage contr\u00f4l\u00e9 REMP 1873 exemplaires<br>Abonnements obligatoires 1236 exemplaires<\/p>\n\n\n\n<p><strong>R\u00e9daction<br><\/strong>R\u00e9dacteur en chef<br>Rolf Gilgen, MLaw, Inh. Gilgen Rolf Consulting,<br>Obere Sch\u00f6neggstr. 7, 8707 Uetikon am See, T\u00e9l\u00e9phone <a href=\"tel:079%20251%2015%2004\" data-type=\"tel\" data-id=\"tel:079 251 15 04\">079 251 15 04<\/a>, <a href=\"mailto:info@gilgenrolf.ch\">info@gilgenrolf.ch<\/a>, <a href=\"http:\/\/www.gilgenrolf.ch\" data-type=\"URL\" data-id=\"www.gilgenrolf.ch\">www.gilgenrolf.ch<\/a><\/p>\n\n\n\n<p>Coordination r\u00e9dactionnelle<br>Sarah Fogal, H+ Die Spit\u00e4ler der Schweiz, Lorrainestrasse 4 A, 3013 Bern, Telefon <a href=\"tel:031%20335%2011%2053\" data-type=\"tel\" data-id=\"tel:031 335 11 53\">031 335 11 53<\/a>, <a href=\"mailto:sarah.fogal@hplus.ch\">sarah.fogal@hplus.ch<\/a><\/p>\n\n\n\n<p>Redaction Suisse al\u00e9manique<br>Martina Greiter, H+ Die Spit\u00e4ler der Schweiz, Lorrainestrasse 4 A, 3013 Bern, Telefon <a href=\"tel:031%20335%2011%2028\" data-type=\"tel\" data-id=\"tel:031 335 11 28\">031 335 11 28<\/a>, <a href=\"mailto:martina.greiter@hplus.ch\">martina.greiter@hplus.ch<\/a><\/p>\n\n\n\n<p>R\u00e9daction Suisse romande et Tessin<br>Muriel Chavaillaz, T\u00e9l\u00e9phone <a href=\"https:\/\/competence.ch\/fr\/?page_id=20459\">031 335 11 54<\/a>, <a href=\"mailto:muriel.chavaillaz@hplus.ch\">muriel.chavaillaz@hplus.ch<\/a><\/p>\n","protected":false},"excerpt":{"rendered":"<p>Competence H+ Hospital Forum Principal magazine de la branche des h\u00f4pitaux et des cliniques, Competence est l&rsquo;organe officiel de H+ Les H\u00f4pitaux de Suisse et de la F\u00e9d\u00e9ration suisse des directrices et directeurs d&rsquo;h\u00f4pitaux (FSDH). En g\u00e9n\u00e9ralDe simple revue d&rsquo;association, Competence est devenu en 80 ans un magazine sp\u00e9cialis\u00e9 de qualit\u00e9 consacr\u00e9 \u00e0 la branche [&hellip;]<\/p>\n","protected":false},"author":1,"featured_media":0,"parent":466,"menu_order":0,"comment_status":"closed","ping_status":"closed","template":"","meta":{"_acf_changed":false,"footnotes":""},"class_list":["post-1392","page","type-page","status-publish","hentry"],"acf":[],"_links":{"self":[{"href":"https:\/\/competence.ch\/fr\/wp-json\/wp\/v2\/pages\/1392","targetHints":{"allow":["GET"]}}],"collection":[{"href":"https:\/\/competence.ch\/fr\/wp-json\/wp\/v2\/pages"}],"about":[{"href":"https:\/\/competence.ch\/fr\/wp-json\/wp\/v2\/types\/page"}],"author":[{"embeddable":true,"href":"https:\/\/competence.ch\/fr\/wp-json\/wp\/v2\/users\/1"}],"replies":[{"embeddable":true,"href":"https:\/\/competence.ch\/fr\/wp-json\/wp\/v2\/comments?post=1392"}],"version-history":[{"count":0,"href":"https:\/\/competence.ch\/fr\/wp-json\/wp\/v2\/pages\/1392\/revisions"}],"up":[{"embeddable":true,"href":"https:\/\/competence.ch\/fr\/wp-json\/wp\/v2\/pages\/466"}],"wp:attachment":[{"href":"https:\/\/competence.ch\/fr\/wp-json\/wp\/v2\/media?parent=1392"}],"curies":[{"name":"wp","href":"https:\/\/api.w.org\/{rel}","templated":true}]}}