{"id":1275,"date":"2022-01-06T13:40:02","date_gmt":"2022-01-06T12:40:02","guid":{"rendered":"https:\/\/competence.ch\/?page_id=1275"},"modified":"2022-01-06T13:40:02","modified_gmt":"2022-01-06T12:40:02","slug":"partenaires","status":"publish","type":"page","link":"https:\/\/competence.ch\/fr\/ueber-uns\/partenaires\/","title":{"rendered":"Partenaires"},"content":{"rendered":"\n<h1 class=\"wp-block-heading\">Partenaires<\/h1>\n\n<p>Competence coop\u00e8re avec diverses organisations de la branche des h\u00f4pitaux et des cliniques.<\/p>\n\n<h2 class=\"wp-block-heading\">IHS Ing\u00e9nieur H\u00f4pital Suisse<\/h2>\n\n<p>L&rsquo;IHS f\u00e9d\u00e8re les comp\u00e9tences sp\u00e9cialis\u00e9es et d\u00e9cisionnelles des services techniques en charge de l&rsquo;infrastructure au sein des h\u00f4pitaux et des cliniques.<\/p>\n\n<p><a rel=\"noreferrer noopener\" href=\"http:\/\/www.ihs.ch\/\" target=\"_blank\">www.ihs.ch<\/a><\/p>\n\n<h2 class=\"wp-block-heading\">Swiss Nurse Leaders<\/h2>\n\n<p>Swiss Nurse Leaders est l&rsquo;organisation fa\u00eeti\u00e8re des responsables des soins. Elle r\u00e9unit des personnes qui dirigent les soins infirmiers d&rsquo;une institution ou repr\u00e9sentent les soins au sein du management.<\/p>\n\n<p><a rel=\"noreferrer noopener\" href=\"http:\/\/www.swissnurseleaders.ch\/\" target=\"_blank\">www.swissnurseleaders.ch<\/a><\/p>\n\n<h2 class=\"wp-block-heading\">H+ Bildung<\/h2>\n\n<p>H+ Bildung est un centre sp\u00e9cialis\u00e9 dans la formation continue des collaborateurs des h\u00f4pitaux, des cliniques, des homes, des cabinets m\u00e9dicaux et de l&rsquo;aide et soins \u00e0 domicile. H+ Bildung dispense des cours \u00e0 plus de 3000 personnes chaque ann\u00e9e. Il contribue de mani\u00e8re d\u00e9cisive au d\u00e9veloppement des comp\u00e9tences dans le secteur de la sant\u00e9.<\/p>\n\n<p><a rel=\"noreferrer noopener\" href=\"http:\/\/www.hplus-bildung.ch\/\" target=\"_blank\">www.hplus-bildung.ch<\/a><\/p>\n","protected":false},"excerpt":{"rendered":"<p>Partenaires Competence coop\u00e8re avec diverses organisations de la branche des h\u00f4pitaux et des cliniques. IHS Ing\u00e9nieur H\u00f4pital Suisse L&rsquo;IHS f\u00e9d\u00e8re les comp\u00e9tences sp\u00e9cialis\u00e9es et d\u00e9cisionnelles des services techniques en charge de l&rsquo;infrastructure au sein des h\u00f4pitaux et des cliniques. www.ihs.ch Swiss Nurse Leaders Swiss Nurse Leaders est l&rsquo;organisation fa\u00eeti\u00e8re des responsables des soins. Elle r\u00e9unit [&hellip;]<\/p>\n","protected":false},"author":1,"featured_media":0,"parent":466,"menu_order":0,"comment_status":"closed","ping_status":"closed","template":"","meta":{"_acf_changed":false,"footnotes":""},"class_list":["post-1275","page","type-page","status-publish","hentry"],"acf":[],"_links":{"self":[{"href":"https:\/\/competence.ch\/fr\/wp-json\/wp\/v2\/pages\/1275","targetHints":{"allow":["GET"]}}],"collection":[{"href":"https:\/\/competence.ch\/fr\/wp-json\/wp\/v2\/pages"}],"about":[{"href":"https:\/\/competence.ch\/fr\/wp-json\/wp\/v2\/types\/page"}],"author":[{"embeddable":true,"href":"https:\/\/competence.ch\/fr\/wp-json\/wp\/v2\/users\/1"}],"replies":[{"embeddable":true,"href":"https:\/\/competence.ch\/fr\/wp-json\/wp\/v2\/comments?post=1275"}],"version-history":[{"count":0,"href":"https:\/\/competence.ch\/fr\/wp-json\/wp\/v2\/pages\/1275\/revisions"}],"up":[{"embeddable":true,"href":"https:\/\/competence.ch\/fr\/wp-json\/wp\/v2\/pages\/466"}],"wp:attachment":[{"href":"https:\/\/competence.ch\/fr\/wp-json\/wp\/v2\/media?parent=1275"}],"curies":[{"name":"wp","href":"https:\/\/api.w.org\/{rel}","templated":true}]}}